{"id":24,"date":"2024-06-05T11:35:10","date_gmt":"2024-06-05T16:35:10","guid":{"rendered":"https:\/\/esarte.pe\/nuevo\/?page_id=24"},"modified":"2025-09-08T21:28:16","modified_gmt":"2025-09-09T02:28:16","slug":"exposiciones","status":"publish","type":"page","link":"https:\/\/esarte.pe\/nuevo\/exposiciones\/","title":{"rendered":"Exposiciones"},"content":{"rendered":"<p>Exposici\u00f3n titulada \u00abMestizos\u00bb a ra\u00edz del censo del a\u00f1o 2017 en el que la mayor\u00eda de peruanos dijimos que nuestra raza era mestiza. Se realiz\u00f3 en la galer\u00eda Jos\u00e9 Antonio de Barranco. <img loading=\"lazy\" decoding=\"async\" class=\"alignnone size-medium wp-image-359\" src=\"https:\/\/esarte.pe\/nuevo\/wp-content\/uploads\/2025\/09\/IMG_2486-300x200.jpg\" alt=\"IMG_2486\" width=\"300\" height=\"200\" srcset=\"https:\/\/esarte.pe\/nuevo\/wp-content\/uploads\/2025\/09\/IMG_2486-300x200.jpg 300w, https:\/\/esarte.pe\/nuevo\/wp-content\/uploads\/2025\/09\/IMG_2486-1024x683.jpg 1024w, https:\/\/esarte.pe\/nuevo\/wp-content\/uploads\/2025\/09\/IMG_2486-768x512.jpg 768w, https:\/\/esarte.pe\/nuevo\/wp-content\/uploads\/2025\/09\/IMG_2486-1536x1024.jpg 1536w, https:\/\/esarte.pe\/nuevo\/wp-content\/uploads\/2025\/09\/IMG_2486-600x400.jpg 600w, https:\/\/esarte.pe\/nuevo\/wp-content\/uploads\/2025\/09\/IMG_2486.jpg 1800w\" sizes=\"auto, (max-width: 300px) 100vw, 300px\" \/><img loading=\"lazy\" decoding=\"async\" class=\"alignnone size-medium wp-image-362\" src=\"https:\/\/esarte.pe\/nuevo\/wp-content\/uploads\/2025\/09\/pam-y-yo-200x300.jpg\" alt=\"pam-y-yo\" width=\"200\" height=\"300\" srcset=\"https:\/\/esarte.pe\/nuevo\/wp-content\/uploads\/2025\/09\/pam-y-yo-200x300.jpg 200w, https:\/\/esarte.pe\/nuevo\/wp-content\/uploads\/2025\/09\/pam-y-yo-683x1024.jpg 683w, https:\/\/esarte.pe\/nuevo\/wp-content\/uploads\/2025\/09\/pam-y-yo-768x1152.jpg 768w, https:\/\/esarte.pe\/nuevo\/wp-content\/uploads\/2025\/09\/pam-y-yo-1024x1536.jpg 1024w, https:\/\/esarte.pe\/nuevo\/wp-content\/uploads\/2025\/09\/pam-y-yo-1365x2048.jpg 1365w, https:\/\/esarte.pe\/nuevo\/wp-content\/uploads\/2025\/09\/pam-y-yo-600x900.jpg 600w, https:\/\/esarte.pe\/nuevo\/wp-content\/uploads\/2025\/09\/pam-y-yo.jpg 1500w\" sizes=\"auto, (max-width: 200px) 100vw, 200px\" \/><img loading=\"lazy\" decoding=\"async\" class=\"alignnone size-medium wp-image-361\" src=\"https:\/\/esarte.pe\/nuevo\/wp-content\/uploads\/2025\/09\/IMG_2497-300x200.jpg\" alt=\"IMG_2497\" width=\"300\" height=\"200\" srcset=\"https:\/\/esarte.pe\/nuevo\/wp-content\/uploads\/2025\/09\/IMG_2497-300x200.jpg 300w, https:\/\/esarte.pe\/nuevo\/wp-content\/uploads\/2025\/09\/IMG_2497-1024x683.jpg 1024w, https:\/\/esarte.pe\/nuevo\/wp-content\/uploads\/2025\/09\/IMG_2497-768x512.jpg 768w, https:\/\/esarte.pe\/nuevo\/wp-content\/uploads\/2025\/09\/IMG_2497-600x400.jpg 600w, https:\/\/esarte.pe\/nuevo\/wp-content\/uploads\/2025\/09\/IMG_2497.jpg 1200w\" sizes=\"auto, (max-width: 300px) 100vw, 300px\" \/><\/p>\n","protected":false},"excerpt":{"rendered":"<p>Exposici\u00f3n titulada \u00abMestizos\u00bb a ra\u00edz del censo del a\u00f1o 2017 en el que la mayor\u00eda de peruanos dijimos que nuestra raza era mestiza. Se realiz\u00f3 en la galer\u00eda Jos\u00e9 Antonio de Barranco.<\/p>\n","protected":false},"author":1,"featured_media":0,"parent":0,"menu_order":0,"comment_status":"closed","ping_status":"closed","template":"page-exposiciones.php","meta":{"footnotes":""},"class_list":["post-24","page","type-page","status-publish","hentry"],"_links":{"self":[{"href":"https:\/\/esarte.pe\/nuevo\/wp-json\/wp\/v2\/pages\/24","targetHints":{"allow":["GET"]}}],"collection":[{"href":"https:\/\/esarte.pe\/nuevo\/wp-json\/wp\/v2\/pages"}],"about":[{"href":"https:\/\/esarte.pe\/nuevo\/wp-json\/wp\/v2\/types\/page"}],"author":[{"embeddable":true,"href":"https:\/\/esarte.pe\/nuevo\/wp-json\/wp\/v2\/users\/1"}],"replies":[{"embeddable":true,"href":"https:\/\/esarte.pe\/nuevo\/wp-json\/wp\/v2\/comments?post=24"}],"version-history":[{"count":3,"href":"https:\/\/esarte.pe\/nuevo\/wp-json\/wp\/v2\/pages\/24\/revisions"}],"predecessor-version":[{"id":363,"href":"https:\/\/esarte.pe\/nuevo\/wp-json\/wp\/v2\/pages\/24\/revisions\/363"}],"wp:attachment":[{"href":"https:\/\/esarte.pe\/nuevo\/wp-json\/wp\/v2\/media?parent=24"}],"curies":[{"name":"wp","href":"https:\/\/api.w.org\/{rel}","templated":true}]}}